{"id":403,"date":"2022-06-09T22:53:37","date_gmt":"2022-06-09T20:53:37","guid":{"rendered":"http:\/\/veloraildelajuine.fr\/?page_id=403"},"modified":"2026-01-25T18:38:17","modified_gmt":"2026-01-25T17:38:17","slug":"reservation-en-ligne","status":"publish","type":"page","link":"https:\/\/veloraildelajuine.fr\/index.php\/reservation-en-ligne\/","title":{"rendered":"R\u00e9servation en ligne"},"content":{"rendered":"\t\t<div data-elementor-type=\"wp-page\" data-elementor-id=\"403\" class=\"elementor elementor-403\">\n\t\t\t\t\t\t<section class=\"elementor-section elementor-top-section elementor-element elementor-element-4857e3f elementor-section-boxed elementor-section-height-default elementor-section-height-default\" data-id=\"4857e3f\" data-element_type=\"section\" data-e-type=\"section\">\n\t\t\t\t\t\t<div class=\"elementor-container elementor-column-gap-default\">\n\t\t\t\t\t<div class=\"elementor-column elementor-col-100 elementor-top-column elementor-element elementor-element-1afe6ac\" data-id=\"1afe6ac\" data-element_type=\"column\" data-e-type=\"column\">\n\t\t\t<div class=\"elementor-widget-wrap elementor-element-populated\">\n\t\t\t\t\t\t<div class=\"elementor-element elementor-element-764aae2 elementor-widget elementor-widget-heading\" data-id=\"764aae2\" data-element_type=\"widget\" data-e-type=\"widget\" data-widget_type=\"heading.default\">\n\t\t\t\t<div class=\"elementor-widget-container\">\n\t\t\t\t\t<h4 class=\"elementor-heading-title elementor-size-default\">La meilleure fa\u00e7on de r\u00e9server en toute libert\u00e9<\/h4>\t\t\t\t<\/div>\n\t\t\t\t<\/div>\n\t\t\t\t<div class=\"elementor-element elementor-element-5d8074f elementor-widget elementor-widget-heading\" data-id=\"5d8074f\" data-element_type=\"widget\" data-e-type=\"widget\" data-widget_type=\"heading.default\">\n\t\t\t\t<div class=\"elementor-widget-container\">\n\t\t\t\t\t<h2 class=\"elementor-heading-title elementor-size-default\">R\u00e9servez, ouverture le 22 mars<\/h2>\t\t\t\t<\/div>\n\t\t\t\t<\/div>\n\t\t\t\t<div class=\"elementor-element elementor-element-d7b0b3d elementor-widget elementor-widget-text-editor\" data-id=\"d7b0b3d\" data-element_type=\"widget\" data-e-type=\"widget\" data-widget_type=\"text-editor.default\">\n\t\t\t\t<div class=\"elementor-widget-container\">\n\t\t\t\t\t\t\t\t\t<p>Le parcours Mille For\u00eats vers Etampes ouvre le 18 avril<\/p>\t\t\t\t\t\t\t\t<\/div>\n\t\t\t\t<\/div>\n\t\t\t\t<div class=\"elementor-element elementor-element-d8403de elementor-widget elementor-widget-text-editor\" data-id=\"d8403de\" data-element_type=\"widget\" data-e-type=\"widget\" data-widget_type=\"text-editor.default\">\n\t\t\t\t<div class=\"elementor-widget-container\">\n\t\t\t\t\t\t\t\t\t<p>Paiement Ch\u00e8ques Vacances (papier ou connect) ? R\u00e9servez en ligne (paiement CB), lors de votre venue, nous vous rembourserons sur la CB utilis\u00e9e \ud83d\ude42<\/p>\t\t\t\t\t\t\t\t<\/div>\n\t\t\t\t<\/div>\n\t\t\t\t<div class=\"elementor-element elementor-element-4490f7d elementor-widget elementor-widget-heading\" data-id=\"4490f7d\" data-element_type=\"widget\" data-e-type=\"widget\" data-widget_type=\"heading.default\">\n\t\t\t\t<div class=\"elementor-widget-container\">\n\t\t\t\t\t<h4 class=\"elementor-heading-title elementor-size-default\">Vous ne trouvez pas ce que vous cherchez ?<\/h4>\t\t\t\t<\/div>\n\t\t\t\t<\/div>\n\t\t\t\t<div class=\"elementor-element elementor-element-9ba42b6 elementor-widget elementor-widget-text-editor\" data-id=\"9ba42b6\" data-element_type=\"widget\" data-e-type=\"widget\" data-widget_type=\"text-editor.default\">\n\t\t\t\t<div class=\"elementor-widget-container\">\n\t\t\t\t\t\t\t\t\t<p>N&rsquo;h\u00e9sitez pas \u00e0<strong> nous contacter<\/strong> au 06 95 66 73 ou <a href=\"mailto:contact@veloraildelajuine.fr\">contact@veloraildelajuine.fr<\/a><\/p>\t\t\t\t\t\t\t\t<\/div>\n\t\t\t\t<\/div>\n\t\t\t\t<div class=\"elementor-element elementor-element-11dbd60 elementor-view-default elementor-widget elementor-widget-icon\" data-id=\"11dbd60\" data-element_type=\"widget\" data-e-type=\"widget\" data-widget_type=\"icon.default\">\n\t\t\t\t<div class=\"elementor-widget-container\">\n\t\t\t\t\t\t\t<div class=\"elementor-icon-wrapper\">\n\t\t\t<div class=\"elementor-icon\">\n\t\t\t<i aria-hidden=\"true\" class=\"fas fa-arrow-alt-circle-down\"><\/i>\t\t\t<\/div>\n\t\t<\/div>\n\t\t\t\t\t\t<\/div>\n\t\t\t\t<\/div>\n\t\t\t\t\t<\/div>\n\t\t<\/div>\n\t\t\t\t\t<\/div>\n\t\t<\/section>\n\t\t\t\t<section class=\"elementor-section elementor-top-section elementor-element elementor-element-6e464bbb elementor-section-content-middle elementor-section-boxed elementor-section-height-default elementor-section-height-default\" data-id=\"6e464bbb\" data-element_type=\"section\" data-e-type=\"section\">\n\t\t\t\t\t\t<div class=\"elementor-container elementor-column-gap-default\">\n\t\t\t\t\t<div class=\"elementor-column elementor-col-100 elementor-top-column elementor-element elementor-element-4905f928\" data-id=\"4905f928\" data-element_type=\"column\" data-e-type=\"column\">\n\t\t\t<div class=\"elementor-widget-wrap elementor-element-populated\">\n\t\t\t\t\t\t<div class=\"elementor-element elementor-element-3fa17a87 elementor-widget elementor-widget-shortcode\" data-id=\"3fa17a87\" data-element_type=\"widget\" data-e-type=\"widget\" data-widget_type=\"shortcode.default\">\n\t\t\t\t<div class=\"elementor-widget-container\">\n\t\t\t\t\t\t\t<div class=\"elementor-shortcode\"><\/div>\n\t\t\t\t\t\t<\/div>\n\t\t\t\t<\/div>\n\t\t\t\t\t<\/div>\n\t\t<\/div>\n\t\t\t\t\t<\/div>\n\t\t<\/section>\n\t\t\t\t<\/div>\n\t\t","protected":false},"excerpt":{"rendered":"<p>La meilleure fa\u00e7on de r\u00e9server en toute libert\u00e9 R\u00e9servez, ouverture le 22 mars Le parcours Mille For\u00eats vers Etampes ouvre le 18 avril Paiement Ch\u00e8ques Vacances (papier ou connect) ? R\u00e9servez en ligne (paiement CB), lors de votre venue, nous vous rembourserons sur la CB utilis\u00e9e \ud83d\ude42 Vous ne trouvez pas ce que vous cherchez [&hellip;]<\/p>\n","protected":false},"author":1,"featured_media":172,"parent":0,"menu_order":0,"comment_status":"closed","ping_status":"closed","template":"","meta":{"footnotes":""},"class_list":["post-403","page","type-page","status-publish","has-post-thumbnail","hentry"],"yoast_head":"<!-- This site is optimized with the Yoast SEO plugin v27.5 - https:\/\/yoast.com\/product\/yoast-seo-wordpress\/ -->\n<title>R\u00e9servation en ligne - V\u00e9lorail de la Juine<\/title>\n<meta name=\"robots\" content=\"index, follow, max-snippet:-1, max-image-preview:large, max-video-preview:-1\" \/>\n<link rel=\"canonical\" href=\"https:\/\/veloraildelajuine.fr\/index.php\/reservation-en-ligne\/\" \/>\n<meta property=\"og:locale\" content=\"fr_FR\" \/>\n<meta property=\"og:type\" content=\"article\" \/>\n<meta property=\"og:title\" content=\"R\u00e9servation en ligne - V\u00e9lorail de la Juine\" \/>\n<meta property=\"og:description\" content=\"La meilleure fa\u00e7on de r\u00e9server en toute libert\u00e9 R\u00e9servez, ouverture le 22 mars Le parcours Mille For\u00eats vers Etampes ouvre le 18 avril Paiement Ch\u00e8ques Vacances (papier ou connect) ? R\u00e9servez en ligne (paiement CB), lors de votre venue, nous vous rembourserons sur la CB utilis\u00e9e \ud83d\ude42 Vous ne trouvez pas ce que vous cherchez [&hellip;]\" \/>\n<meta property=\"og:url\" content=\"https:\/\/veloraildelajuine.fr\/index.php\/reservation-en-ligne\/\" \/>\n<meta property=\"og:site_name\" content=\"V\u00e9lorail de la Juine\" \/>\n<meta property=\"article:modified_time\" content=\"2026-01-25T17:38:17+00:00\" \/>\n<meta property=\"og:image\" content=\"https:\/\/veloraildelajuine.fr\/wp-content\/uploads\/2022\/06\/reservez-par-telephone.jpg\" \/>\n\t<meta property=\"og:image:width\" content=\"850\" \/>\n\t<meta property=\"og:image:height\" content=\"567\" \/>\n\t<meta property=\"og:image:type\" content=\"image\/jpeg\" \/>\n<meta name=\"twitter:card\" content=\"summary_large_image\" \/>\n<meta name=\"twitter:label1\" content=\"Dur\u00e9e de lecture estim\u00e9e\" \/>\n\t<meta name=\"twitter:data1\" content=\"1 minute\" \/>\n<script type=\"application\/ld+json\" class=\"yoast-schema-graph\">{\"@context\":\"https:\\\/\\\/schema.org\",\"@graph\":[{\"@type\":\"WebPage\",\"@id\":\"https:\\\/\\\/veloraildelajuine.fr\\\/index.php\\\/reservation-en-ligne\\\/\",\"url\":\"https:\\\/\\\/veloraildelajuine.fr\\\/index.php\\\/reservation-en-ligne\\\/\",\"name\":\"R\u00e9servation en ligne - V\u00e9lorail de la Juine\",\"isPartOf\":{\"@id\":\"https:\\\/\\\/veloraildelajuine.fr\\\/#website\"},\"primaryImageOfPage\":{\"@id\":\"https:\\\/\\\/veloraildelajuine.fr\\\/index.php\\\/reservation-en-ligne\\\/#primaryimage\"},\"image\":{\"@id\":\"https:\\\/\\\/veloraildelajuine.fr\\\/index.php\\\/reservation-en-ligne\\\/#primaryimage\"},\"thumbnailUrl\":\"https:\\\/\\\/veloraildelajuine.fr\\\/wp-content\\\/uploads\\\/2022\\\/06\\\/reservez-par-telephone.jpg\",\"datePublished\":\"2022-06-09T20:53:37+00:00\",\"dateModified\":\"2026-01-25T17:38:17+00:00\",\"breadcrumb\":{\"@id\":\"https:\\\/\\\/veloraildelajuine.fr\\\/index.php\\\/reservation-en-ligne\\\/#breadcrumb\"},\"inLanguage\":\"fr-FR\",\"potentialAction\":[{\"@type\":\"ReadAction\",\"target\":[\"https:\\\/\\\/veloraildelajuine.fr\\\/index.php\\\/reservation-en-ligne\\\/\"]}]},{\"@type\":\"ImageObject\",\"inLanguage\":\"fr-FR\",\"@id\":\"https:\\\/\\\/veloraildelajuine.fr\\\/index.php\\\/reservation-en-ligne\\\/#primaryimage\",\"url\":\"https:\\\/\\\/veloraildelajuine.fr\\\/wp-content\\\/uploads\\\/2022\\\/06\\\/reservez-par-telephone.jpg\",\"contentUrl\":\"https:\\\/\\\/veloraildelajuine.fr\\\/wp-content\\\/uploads\\\/2022\\\/06\\\/reservez-par-telephone.jpg\",\"width\":850,\"height\":567},{\"@type\":\"BreadcrumbList\",\"@id\":\"https:\\\/\\\/veloraildelajuine.fr\\\/index.php\\\/reservation-en-ligne\\\/#breadcrumb\",\"itemListElement\":[{\"@type\":\"ListItem\",\"position\":1,\"name\":\"Accueil\",\"item\":\"https:\\\/\\\/veloraildelajuine.fr\\\/\"},{\"@type\":\"ListItem\",\"position\":2,\"name\":\"R\u00e9servation en ligne\"}]},{\"@type\":\"WebSite\",\"@id\":\"https:\\\/\\\/veloraildelajuine.fr\\\/#website\",\"url\":\"https:\\\/\\\/veloraildelajuine.fr\\\/\",\"name\":\"V\u00e9lorail de la Juine\",\"description\":\"Un site utilisant WordPress\",\"publisher\":{\"@id\":\"https:\\\/\\\/veloraildelajuine.fr\\\/#organization\"},\"potentialAction\":[{\"@type\":\"SearchAction\",\"target\":{\"@type\":\"EntryPoint\",\"urlTemplate\":\"https:\\\/\\\/veloraildelajuine.fr\\\/?s={search_term_string}\"},\"query-input\":{\"@type\":\"PropertyValueSpecification\",\"valueRequired\":true,\"valueName\":\"search_term_string\"}}],\"inLanguage\":\"fr-FR\"},{\"@type\":\"Organization\",\"@id\":\"https:\\\/\\\/veloraildelajuine.fr\\\/#organization\",\"name\":\"V\u00e9lorail de la Juine\",\"url\":\"https:\\\/\\\/veloraildelajuine.fr\\\/\",\"logo\":{\"@type\":\"ImageObject\",\"inLanguage\":\"fr-FR\",\"@id\":\"https:\\\/\\\/veloraildelajuine.fr\\\/#\\\/schema\\\/logo\\\/image\\\/\",\"url\":\"https:\\\/\\\/veloraildelajuine.fr\\\/wp-content\\\/uploads\\\/2022\\\/06\\\/LOGO-JUINE-VERT-2.png\",\"contentUrl\":\"https:\\\/\\\/veloraildelajuine.fr\\\/wp-content\\\/uploads\\\/2022\\\/06\\\/LOGO-JUINE-VERT-2.png\",\"width\":768,\"height\":666,\"caption\":\"V\u00e9lorail de la Juine\"},\"image\":{\"@id\":\"https:\\\/\\\/veloraildelajuine.fr\\\/#\\\/schema\\\/logo\\\/image\\\/\"}}]}<\/script>\n<!-- \/ Yoast SEO plugin. -->","yoast_head_json":{"title":"R\u00e9servation en ligne - V\u00e9lorail de la Juine","robots":{"index":"index","follow":"follow","max-snippet":"max-snippet:-1","max-image-preview":"max-image-preview:large","max-video-preview":"max-video-preview:-1"},"canonical":"https:\/\/veloraildelajuine.fr\/index.php\/reservation-en-ligne\/","og_locale":"fr_FR","og_type":"article","og_title":"R\u00e9servation en ligne - V\u00e9lorail de la Juine","og_description":"La meilleure fa\u00e7on de r\u00e9server en toute libert\u00e9 R\u00e9servez, ouverture le 22 mars Le parcours Mille For\u00eats vers Etampes ouvre le 18 avril Paiement Ch\u00e8ques Vacances (papier ou connect) ? R\u00e9servez en ligne (paiement CB), lors de votre venue, nous vous rembourserons sur la CB utilis\u00e9e \ud83d\ude42 Vous ne trouvez pas ce que vous cherchez [&hellip;]","og_url":"https:\/\/veloraildelajuine.fr\/index.php\/reservation-en-ligne\/","og_site_name":"V\u00e9lorail de la Juine","article_modified_time":"2026-01-25T17:38:17+00:00","og_image":[{"width":850,"height":567,"url":"https:\/\/veloraildelajuine.fr\/wp-content\/uploads\/2022\/06\/reservez-par-telephone.jpg","type":"image\/jpeg"}],"twitter_card":"summary_large_image","twitter_misc":{"Dur\u00e9e de lecture estim\u00e9e":"1 minute"},"schema":{"@context":"https:\/\/schema.org","@graph":[{"@type":"WebPage","@id":"https:\/\/veloraildelajuine.fr\/index.php\/reservation-en-ligne\/","url":"https:\/\/veloraildelajuine.fr\/index.php\/reservation-en-ligne\/","name":"R\u00e9servation en ligne - V\u00e9lorail de la Juine","isPartOf":{"@id":"https:\/\/veloraildelajuine.fr\/#website"},"primaryImageOfPage":{"@id":"https:\/\/veloraildelajuine.fr\/index.php\/reservation-en-ligne\/#primaryimage"},"image":{"@id":"https:\/\/veloraildelajuine.fr\/index.php\/reservation-en-ligne\/#primaryimage"},"thumbnailUrl":"https:\/\/veloraildelajuine.fr\/wp-content\/uploads\/2022\/06\/reservez-par-telephone.jpg","datePublished":"2022-06-09T20:53:37+00:00","dateModified":"2026-01-25T17:38:17+00:00","breadcrumb":{"@id":"https:\/\/veloraildelajuine.fr\/index.php\/reservation-en-ligne\/#breadcrumb"},"inLanguage":"fr-FR","potentialAction":[{"@type":"ReadAction","target":["https:\/\/veloraildelajuine.fr\/index.php\/reservation-en-ligne\/"]}]},{"@type":"ImageObject","inLanguage":"fr-FR","@id":"https:\/\/veloraildelajuine.fr\/index.php\/reservation-en-ligne\/#primaryimage","url":"https:\/\/veloraildelajuine.fr\/wp-content\/uploads\/2022\/06\/reservez-par-telephone.jpg","contentUrl":"https:\/\/veloraildelajuine.fr\/wp-content\/uploads\/2022\/06\/reservez-par-telephone.jpg","width":850,"height":567},{"@type":"BreadcrumbList","@id":"https:\/\/veloraildelajuine.fr\/index.php\/reservation-en-ligne\/#breadcrumb","itemListElement":[{"@type":"ListItem","position":1,"name":"Accueil","item":"https:\/\/veloraildelajuine.fr\/"},{"@type":"ListItem","position":2,"name":"R\u00e9servation en ligne"}]},{"@type":"WebSite","@id":"https:\/\/veloraildelajuine.fr\/#website","url":"https:\/\/veloraildelajuine.fr\/","name":"V\u00e9lorail de la Juine","description":"Un site utilisant WordPress","publisher":{"@id":"https:\/\/veloraildelajuine.fr\/#organization"},"potentialAction":[{"@type":"SearchAction","target":{"@type":"EntryPoint","urlTemplate":"https:\/\/veloraildelajuine.fr\/?s={search_term_string}"},"query-input":{"@type":"PropertyValueSpecification","valueRequired":true,"valueName":"search_term_string"}}],"inLanguage":"fr-FR"},{"@type":"Organization","@id":"https:\/\/veloraildelajuine.fr\/#organization","name":"V\u00e9lorail de la Juine","url":"https:\/\/veloraildelajuine.fr\/","logo":{"@type":"ImageObject","inLanguage":"fr-FR","@id":"https:\/\/veloraildelajuine.fr\/#\/schema\/logo\/image\/","url":"https:\/\/veloraildelajuine.fr\/wp-content\/uploads\/2022\/06\/LOGO-JUINE-VERT-2.png","contentUrl":"https:\/\/veloraildelajuine.fr\/wp-content\/uploads\/2022\/06\/LOGO-JUINE-VERT-2.png","width":768,"height":666,"caption":"V\u00e9lorail de la Juine"},"image":{"@id":"https:\/\/veloraildelajuine.fr\/#\/schema\/logo\/image\/"}}]}},"_links":{"self":[{"href":"https:\/\/veloraildelajuine.fr\/index.php\/wp-json\/wp\/v2\/pages\/403","targetHints":{"allow":["GET"]}}],"collection":[{"href":"https:\/\/veloraildelajuine.fr\/index.php\/wp-json\/wp\/v2\/pages"}],"about":[{"href":"https:\/\/veloraildelajuine.fr\/index.php\/wp-json\/wp\/v2\/types\/page"}],"author":[{"embeddable":true,"href":"https:\/\/veloraildelajuine.fr\/index.php\/wp-json\/wp\/v2\/users\/1"}],"replies":[{"embeddable":true,"href":"https:\/\/veloraildelajuine.fr\/index.php\/wp-json\/wp\/v2\/comments?post=403"}],"version-history":[{"count":28,"href":"https:\/\/veloraildelajuine.fr\/index.php\/wp-json\/wp\/v2\/pages\/403\/revisions"}],"predecessor-version":[{"id":1208,"href":"https:\/\/veloraildelajuine.fr\/index.php\/wp-json\/wp\/v2\/pages\/403\/revisions\/1208"}],"wp:featuredmedia":[{"embeddable":true,"href":"https:\/\/veloraildelajuine.fr\/index.php\/wp-json\/wp\/v2\/media\/172"}],"wp:attachment":[{"href":"https:\/\/veloraildelajuine.fr\/index.php\/wp-json\/wp\/v2\/media?parent=403"}],"curies":[{"name":"wp","href":"https:\/\/api.w.org\/{rel}","templated":true}]}}